{"id":112,"date":"2022-08-08T04:42:52","date_gmt":"2022-08-08T04:42:52","guid":{"rendered":"https:\/\/sindiracoes.org.br\/cursos\/?page_id=112"},"modified":"2025-12-18T10:47:56","modified_gmt":"2025-12-18T13:47:56","slug":"assuntos-regulatorios","status":"publish","type":"page","link":"https:\/\/sindiracoes.org.br\/cursos\/assuntos-regulatorios\/","title":{"rendered":"Assuntos Regulat\u00f3rios"},"content":{"rendered":"\t\t<div data-elementor-type=\"wp-page\" data-elementor-id=\"112\" class=\"elementor elementor-112\" data-elementor-post-type=\"page\">\n\t\t\t\t\t\t<section class=\"elementor-section elementor-top-section elementor-element elementor-element-cbd0d89 elementor-section-boxed elementor-section-height-default elementor-section-height-default\" data-id=\"cbd0d89\" data-element_type=\"section\" data-e-type=\"section\">\n\t\t\t\t\t\t<div class=\"elementor-container elementor-column-gap-default\">\n\t\t\t\t\t<div class=\"elementor-column elementor-col-100 elementor-top-column elementor-element elementor-element-d86eadc\" data-id=\"d86eadc\" data-element_type=\"column\" data-e-type=\"column\">\n\t\t\t<div class=\"elementor-widget-wrap elementor-element-populated\">\n\t\t\t\t\t\t<div class=\"elementor-element elementor-element-6ed878f elementor-widget elementor-widget-image\" data-id=\"6ed878f\" data-element_type=\"widget\" data-e-type=\"widget\" data-widget_type=\"image.default\">\n\t\t\t\t<div class=\"elementor-widget-container\">\n\t\t\t\t\t\t\t\t\t\t\t\t\t\t\t<img fetchpriority=\"high\" decoding=\"async\" width=\"1024\" height=\"1024\" src=\"https:\/\/sindiracoes.org.br\/cursos\/wp-content\/uploads\/2024\/03\/s_cursos_vertical_1_397x300.svg\" class=\"attachment-large size-large wp-image-1201\" alt=\"\" \/>\t\t\t\t\t\t\t\t\t\t\t\t\t\t\t<\/div>\n\t\t\t\t<\/div>\n\t\t\t\t\t<\/div>\n\t\t<\/div>\n\t\t\t\t\t<\/div>\n\t\t<\/section>\n\t\t\t\t<section class=\"elementor-section elementor-top-section elementor-element elementor-element-f1b5a21 elementor-section-height-min-height elementor-section-boxed elementor-section-height-default elementor-section-items-middle\" data-id=\"f1b5a21\" data-element_type=\"section\" data-e-type=\"section\" data-settings=\"{&quot;background_background&quot;:&quot;classic&quot;}\">\n\t\t\t\t\t\t<div class=\"elementor-container elementor-column-gap-default\">\n\t\t\t\t\t<div class=\"elementor-column elementor-col-100 elementor-top-column elementor-element elementor-element-da246b7\" data-id=\"da246b7\" data-element_type=\"column\" data-e-type=\"column\">\n\t\t\t<div class=\"elementor-widget-wrap elementor-element-populated\">\n\t\t\t\t\t\t<div class=\"elementor-element elementor-element-377da83 elementor-widget elementor-widget-heading\" data-id=\"377da83\" data-element_type=\"widget\" data-e-type=\"widget\" data-widget_type=\"heading.default\">\n\t\t\t\t<div class=\"elementor-widget-container\">\n\t\t\t\t\t<h1 class=\"elementor-heading-title elementor-size-default\">ASSUNTOS REGULAT\u00d3RIOS<\/h1>\t\t\t\t<\/div>\n\t\t\t\t<\/div>\n\t\t\t\t<div class=\"elementor-element elementor-element-a7a0876 elementor-widget elementor-widget-heading\" data-id=\"a7a0876\" data-element_type=\"widget\" data-e-type=\"widget\" data-widget_type=\"heading.default\">\n\t\t\t\t<div class=\"elementor-widget-container\">\n\t\t\t\t\t<p class=\"elementor-heading-title elementor-size-default\">Conhecimento regulat\u00f3rio sobre qualidade, com\u00e9rcio exterior e tend\u00eancias do setor.<\/p>\t\t\t\t<\/div>\n\t\t\t\t<\/div>\n\t\t\t\t\t<\/div>\n\t\t<\/div>\n\t\t\t\t\t<\/div>\n\t\t<\/section>\n\t\t\t\t<section class=\"elementor-section elementor-top-section elementor-element elementor-element-590ae9a elementor-reverse-mobile elementor-section-boxed elementor-section-height-default elementor-section-height-default\" data-id=\"590ae9a\" data-element_type=\"section\" data-e-type=\"section\">\n\t\t\t\t\t\t<div class=\"elementor-container elementor-column-gap-default\">\n\t\t\t\t\t<div class=\"elementor-column elementor-col-50 elementor-top-column elementor-element elementor-element-a65bedd\" data-id=\"a65bedd\" data-element_type=\"column\" data-e-type=\"column\">\n\t\t\t<div class=\"elementor-widget-wrap elementor-element-populated\">\n\t\t\t\t\t\t<div class=\"elementor-element elementor-element-4e51ed6 elementor-widget elementor-widget-text-editor\" data-id=\"4e51ed6\" data-element_type=\"widget\" data-e-type=\"widget\" data-widget_type=\"text-editor.default\">\n\t\t\t\t<div class=\"elementor-widget-container\">\n\t\t\t\t\t\t\t\t\t<p>Diante do complicado cen\u00e1rio regulat\u00f3rio atual, as empresas de alimenta\u00e7\u00e3o animal buscam profissionais com conhecimentos espec\u00edficos em regulamenta\u00e7\u00f5es vigentes e que possam responder tecnicamente pela qualidade da produ\u00e7\u00e3o e pelos produtos fabricados.<\/p>\n<p>Diante da oportunidade de complementar a forma\u00e7\u00e3o de profissionais que atuam ou desejam atuar no setor industrial de alimenta\u00e7\u00e3o animal, oferecemos esse curso compacto e introdut\u00f3rio sobre assuntos regulat\u00f3rios. Estes conhecimentos poder\u00e3o ser aplicados nas ind\u00fastrias produtoras e importadoras de ra\u00e7\u00e3o, premix, suplementos, concentrados, n\u00facleos, aditivos, ingredientes e alimentos para animais de companhia.<\/p>\n<p>O treinamento al\u00e9m de especializar os profissionais para atuarem nas \u00e1reas de registro e p\u00f3s\u2013registro de estabelecimento e produtos para alimenta\u00e7\u00e3o animal, visa tamb\u00e9m introduzir conhecimento regulat\u00f3rio sobre qualidade e com\u00e9rcio exterior, al\u00e9m de contemplar atualidades e tend\u00eancias do setor.<\/p>\n<p>\u00c9 uma excelente oportunidade para que os profissionais possam conhecer as particularidades do setor, trocar experi\u00eancias e ampliar sua rede de contatos.<\/p>\n<p><span style=\"color: #1f5b06;\"><strong>DURA\u00c7\u00c3O:<\/strong> <\/span>12 horas de curso on-line ao vivo (8h30 \u00e0s 12h30 \u2013 <b><span style=\"color: #1f5b06;\">3 manh\u00e3s seguidas<\/span><\/b>)<\/p>\n<p><span style=\"color: #1f5b06;\"><strong>INSTRUTOR:<\/strong><\/span> M. V. Bruno Caputi&nbsp;<\/p>\n<p><span style=\"color: #1f5b06;\"><strong>P\u00daBLICO-ALVO:<\/strong> <\/span>Rec\u00e9m formados e profissionais que desejam aprender ou se especializar em assuntos regulat\u00f3rios voltados ao setor de alimenta\u00e7\u00e3o animal.<\/p>\n<p><span style=\"color: #1f5b06;\"><strong>LOCAL:&nbsp;&nbsp;<\/strong><\/span><\/p>\n<p>Plataforma <a href=\"https:\/\/global.gotomeeting.com\/install\/740009741\" target=\"_blank\" rel=\"noopener\"><span style=\"color: #1f5b06;\"><strong>GoToMeeting<\/strong><\/span><\/a> \u2013 Curso em formato on-line.<\/p>\n<p><span style=\"color: #ff0000;\">Aten\u00e7\u00e3o:<\/span> Esta \u00e9 a primeira vez que voc\u00ea usa o GoToMeeting?<br>\nObtenha o <a href=\"https:\/\/global.gotomeeting.com\/install\/740009741\" target=\"_blank\" rel=\"noopener\"><span style=\"color: #1f5b06;\">aplicativo<\/span><\/a> e fique preparado (a).<\/p>\n<p><span style=\"color: #1f5b06;\"><strong>MAIS INFORMA\u00c7\u00d5ES:<\/strong><\/span><\/p>\n<p><span style=\"color: #1f5b06;\">Telefone:<\/span> (11) 3541-1212 Ramal 3 e 9<br>\n<span style=\"color: #1f5b06;\">E-mail:<\/span> bruno@sindiracoes.org.br<\/p>\n<p><span style=\"color: #1f5b06;\">\u2013 Inscri\u00e7\u00e3o individual e intransfer\u00edvel.<\/span><br>\n<span style=\"color: #1f5b06;\">\u2013 Necess\u00e1rio um bom acesso a internet com disposi\u00e7\u00e3o de \u00e1udio e c\u00e2mera.<\/span><\/p>\n<p>Ao final da programa\u00e7\u00e3o ser\u00e3o emitidos Certificados de Conclus\u00e3o no Curso de Assuntos Regulat\u00f3rios.<\/p>\n<p>O cancelamento da inscri\u00e7\u00e3o poder\u00e1 ser realizado at\u00e9 72 horas ap\u00f3s o pagamento, com devolu\u00e7\u00e3o de 70% do valor pago. Ap\u00f3s esse prazo n\u00e3o restitu\u00edmos o valor pago.<\/p>\n<p><span style=\"color: #1f5b06;\"><strong>A INSCRI\u00c7\u00c3O INCLUI:<\/strong><\/span><\/p>\n<p>\u2013 Treinamento de 12 horas de dura\u00e7\u00e3o;<br>\n\u2013 Material did\u00e1tico;<br>\n\u2013 Certificado;<\/p>\n<p><span style=\"color: #1f5b06;\"><strong>PROGRAMA:<\/strong><\/span><\/p>\n<p>\u2013 Introdu\u00e7\u00e3o ao Setor de Alimenta\u00e7\u00e3o Animal<br>\n\u2013 Legisla\u00e7\u00e3o e Fiscaliza\u00e7\u00e3o do MAPA<br>\n\u2013 Registro de Estabelecimentos<br>\n\u2013 Introdu\u00e7\u00e3o \u00e0s Boas Pr\u00e1ticas de Fabrica\u00e7\u00e3o<br>\n\u2013 Registro de Produtos<br>\n\u2013 Isen\u00e7\u00e3o de Registro de Produtos<br>\n\u2013 Rotulagem<br>\n\u2013 Processo de Importa\u00e7\u00e3o<br>\n\u2013 Processo de Exporta\u00e7\u00e3o<br>\n\u2013 Requisitos para Alimenta\u00e7\u00e3o Animal com Medicamentos<br>\n\u2013 Atualidades do Cen\u00e1rio Regulat\u00f3rio<\/p>\n<p><span style=\"color: #ff0000;\">Obs.: O boleto para pagamento ser\u00e1 encaminhado para o e-mail indicado na ficha de inscri\u00e7\u00e3o ap\u00f3s a confirma\u00e7\u00e3o da realiza\u00e7\u00e3o do curso. A emiss\u00e3o da 2\u00aa via do boleto ser\u00e1 tarifada.<\/span><\/p>\n<p><span style=\"color: #ff0000;\">Ap\u00f3s o vencimento do boleto, a inscri\u00e7\u00e3o n\u00e3o paga ser\u00e1 automaticamente cancelada.<\/span><\/p>\t\t\t\t\t\t\t\t<\/div>\n\t\t\t\t<\/div>\n\t\t\t\t<div class=\"elementor-element elementor-element-d21a59b elementor-widget elementor-widget-button\" data-id=\"d21a59b\" data-element_type=\"widget\" data-e-type=\"widget\" data-widget_type=\"button.default\">\n\t\t\t\t<div class=\"elementor-widget-container\">\n\t\t\t\t\t\t\t\t\t<div class=\"elementor-button-wrapper\">\n\t\t\t\t\t<a class=\"elementor-button elementor-button-link elementor-size-sm\" href=\"https:\/\/sindiracoes.org.br\/cursos\/\">\n\t\t\t\t\t\t<span class=\"elementor-button-content-wrapper\">\n\t\t\t\t\t\t<span class=\"elementor-button-icon\">\n\t\t\t\t<i aria-hidden=\"true\" class=\"fas fa-angle-left\"><\/i>\t\t\t<\/span>\n\t\t\t\t\t\t\t\t\t<span class=\"elementor-button-text\">retornar \u00e0 p\u00e1gina inicial<\/span>\n\t\t\t\t\t<\/span>\n\t\t\t\t\t<\/a>\n\t\t\t\t<\/div>\n\t\t\t\t\t\t\t\t<\/div>\n\t\t\t\t<\/div>\n\t\t\t\t\t<\/div>\n\t\t<\/div>\n\t\t\t\t<div class=\"elementor-column elementor-col-50 elementor-top-column elementor-element elementor-element-ad8560a\" data-id=\"ad8560a\" data-element_type=\"column\" data-e-type=\"column\" data-settings=\"{&quot;background_background&quot;:&quot;classic&quot;}\">\n\t\t\t<div class=\"elementor-widget-wrap elementor-element-populated\">\n\t\t\t\t\t\t<section class=\"elementor-section elementor-inner-section elementor-element elementor-element-7af61fc elementor-section-boxed elementor-section-height-default elementor-section-height-default\" data-id=\"7af61fc\" data-element_type=\"section\" data-e-type=\"section\" data-settings=\"{&quot;background_background&quot;:&quot;classic&quot;,&quot;sticky&quot;:&quot;top&quot;,&quot;sticky_offset&quot;:40,&quot;sticky_effects_offset&quot;:80,&quot;sticky_parent&quot;:&quot;yes&quot;,&quot;sticky_on&quot;:[&quot;desktop&quot;,&quot;tablet&quot;,&quot;mobile&quot;]}\">\n\t\t\t\t\t\t<div class=\"elementor-container elementor-column-gap-default\">\n\t\t\t\t\t<div class=\"elementor-column elementor-col-100 elementor-inner-column elementor-element elementor-element-453aeef\" data-id=\"453aeef\" data-element_type=\"column\" data-e-type=\"column\">\n\t\t\t<div class=\"elementor-widget-wrap elementor-element-populated\">\n\t\t\t\t\t\t<div class=\"elementor-element elementor-element-e3dfc5a elementor-widget elementor-widget-image\" data-id=\"e3dfc5a\" data-element_type=\"widget\" data-e-type=\"widget\" data-widget_type=\"image.default\">\n\t\t\t\t<div class=\"elementor-widget-container\">\n\t\t\t\t\t\t\t\t\t\t\t\t\t\t\t<img decoding=\"async\" width=\"1024\" height=\"1024\" src=\"https:\/\/sindiracoes.org.br\/cursos\/wp-content\/uploads\/2023\/11\/Prancheta-2-1-1024x1024.png\" class=\"attachment-large size-large wp-image-993\" alt=\"\" srcset=\"https:\/\/sindiracoes.org.br\/cursos\/wp-content\/uploads\/2023\/11\/Prancheta-2-1-1024x1024.png 1024w, https:\/\/sindiracoes.org.br\/cursos\/wp-content\/uploads\/2023\/11\/Prancheta-2-1-300x300.png 300w, https:\/\/sindiracoes.org.br\/cursos\/wp-content\/uploads\/2023\/11\/Prancheta-2-1-150x150.png 150w, https:\/\/sindiracoes.org.br\/cursos\/wp-content\/uploads\/2023\/11\/Prancheta-2-1-768x768.png 768w, https:\/\/sindiracoes.org.br\/cursos\/wp-content\/uploads\/2023\/11\/Prancheta-2-1.png 1200w\" sizes=\"(max-width: 1024px) 100vw, 1024px\" \/>\t\t\t\t\t\t\t\t\t\t\t\t\t\t\t<\/div>\n\t\t\t\t<\/div>\n\t\t\t\t<div class=\"elementor-element elementor-element-d9976f3 elementor-widget elementor-widget-heading\" data-id=\"d9976f3\" data-element_type=\"widget\" data-e-type=\"widget\" data-widget_type=\"heading.default\">\n\t\t\t\t<div class=\"elementor-widget-container\">\n\t\t\t\t\t<h3 class=\"elementor-heading-title elementor-size-default\">ASSUNTOS REGULAT\u00d3RIOS<\/h3>\t\t\t\t<\/div>\n\t\t\t\t<\/div>\n\t\t\t\t<div class=\"elementor-element elementor-element-54fe02e elementor-widget elementor-widget-text-editor\" data-id=\"54fe02e\" data-element_type=\"widget\" data-e-type=\"widget\" data-widget_type=\"text-editor.default\">\n\t\t\t\t<div class=\"elementor-widget-container\">\n\t\t\t\t\t\t\t\t\t<p><strong>INSCRI\u00c7\u00c3O:<\/strong><\/p><ul><li>R$ 1.240,00 <strong>associado Sindira\u00e7\u00f5es<\/strong><\/li><li>R$ 1.420,00 <strong>associado ASBRAM<\/strong><\/li><li>R$ 1.490,00 <strong>n\u00e3o associado<\/strong><\/li><\/ul><p><strong>TURMAS 2026:<\/strong><\/p><p>16 a 18 de mar\u00e7o<br \/>18 a 20 de maio<br \/>17 a 19 de agosto<br \/>16 a 18 de novembro<\/p>\t\t\t\t\t\t\t\t<\/div>\n\t\t\t\t<\/div>\n\t\t\t\t<div class=\"elementor-element elementor-element-9399519 elementor-align-justify elementor-widget elementor-widget-button\" data-id=\"9399519\" data-element_type=\"widget\" data-e-type=\"widget\" data-widget_type=\"button.default\">\n\t\t\t\t<div class=\"elementor-widget-container\">\n\t\t\t\t\t\t\t\t\t<div class=\"elementor-button-wrapper\">\n\t\t\t\t\t<a class=\"elementor-button elementor-button-link elementor-size-sm\" href=\"#elementor-action%3Aaction%3Dpopup%3Aopen%26settings%3DeyJpZCI6IjIxMCIsInRvZ2dsZSI6ZmFsc2V9\">\n\t\t\t\t\t\t<span class=\"elementor-button-content-wrapper\">\n\t\t\t\t\t\t\t\t\t<span class=\"elementor-button-text\">Fa\u00e7a sua Inscri\u00e7\u00e3o<\/span>\n\t\t\t\t\t<\/span>\n\t\t\t\t\t<\/a>\n\t\t\t\t<\/div>\n\t\t\t\t\t\t\t\t<\/div>\n\t\t\t\t<\/div>\n\t\t\t\t\t<\/div>\n\t\t<\/div>\n\t\t\t\t\t<\/div>\n\t\t<\/section>\n\t\t\t\t\t<\/div>\n\t\t<\/div>\n\t\t\t\t\t<\/div>\n\t\t<\/section>\n\t\t\t\t<section class=\"elementor-section elementor-top-section elementor-element elementor-element-3b2e69d elementor-section-height-min-height elementor-section-boxed elementor-section-height-default elementor-section-items-middle\" data-id=\"3b2e69d\" data-element_type=\"section\" data-e-type=\"section\" data-settings=\"{&quot;background_background&quot;:&quot;classic&quot;}\">\n\t\t\t\t\t\t<div class=\"elementor-container elementor-column-gap-default\">\n\t\t\t\t\t<div class=\"elementor-column elementor-col-100 elementor-top-column elementor-element elementor-element-b7dc22e\" data-id=\"b7dc22e\" data-element_type=\"column\" data-e-type=\"column\">\n\t\t\t<div class=\"elementor-widget-wrap elementor-element-populated\">\n\t\t\t\t\t\t<section class=\"elementor-section elementor-inner-section elementor-element elementor-element-d26c1eb elementor-section-boxed elementor-section-height-default elementor-section-height-default\" data-id=\"d26c1eb\" data-element_type=\"section\" data-e-type=\"section\">\n\t\t\t\t\t\t<div class=\"elementor-container elementor-column-gap-default\">\n\t\t\t\t\t<div class=\"elementor-column elementor-col-50 elementor-inner-column elementor-element elementor-element-dbc89b7\" data-id=\"dbc89b7\" data-element_type=\"column\" data-e-type=\"column\">\n\t\t\t<div class=\"elementor-widget-wrap elementor-element-populated\">\n\t\t\t\t\t\t<div class=\"elementor-element elementor-element-8f8c5d0 elementor-widget elementor-widget-heading\" data-id=\"8f8c5d0\" data-element_type=\"widget\" data-e-type=\"widget\" data-widget_type=\"heading.default\">\n\t\t\t\t<div class=\"elementor-widget-container\">\n\t\t\t\t\t<h2 class=\"elementor-heading-title elementor-size-default\">Contato<\/h2>\t\t\t\t<\/div>\n\t\t\t\t<\/div>\n\t\t\t\t<div class=\"elementor-element elementor-element-6e62327 elementor-widget elementor-widget-text-editor\" data-id=\"6e62327\" data-element_type=\"widget\" data-e-type=\"widget\" data-widget_type=\"text-editor.default\">\n\t\t\t\t<div class=\"elementor-widget-container\">\n\t\t\t\t\t\t\t\t\tcontato@sindiracoes.org.br<br>\n+55 (11) 3541 1212\t\t\t\t\t\t\t\t<\/div>\n\t\t\t\t<\/div>\n\t\t\t\t\t<\/div>\n\t\t<\/div>\n\t\t\t\t<div class=\"elementor-column elementor-col-50 elementor-inner-column elementor-element elementor-element-8bac3ed\" data-id=\"8bac3ed\" data-element_type=\"column\" data-e-type=\"column\">\n\t\t\t<div class=\"elementor-widget-wrap elementor-element-populated\">\n\t\t\t\t\t\t<div class=\"elementor-element elementor-element-3b0b1fb elementor-widget elementor-widget-heading\" data-id=\"3b0b1fb\" data-element_type=\"widget\" data-e-type=\"widget\" data-widget_type=\"heading.default\">\n\t\t\t\t<div class=\"elementor-widget-container\">\n\t\t\t\t\t<h2 class=\"elementor-heading-title elementor-size-default\">Endere\u00e7o<\/h2>\t\t\t\t<\/div>\n\t\t\t\t<\/div>\n\t\t\t\t<div class=\"elementor-element elementor-element-1310174 elementor-widget elementor-widget-text-editor\" data-id=\"1310174\" data-element_type=\"widget\" data-e-type=\"widget\" data-widget_type=\"text-editor.default\">\n\t\t\t\t<div class=\"elementor-widget-container\">\n\t\t\t\t\t\t\t\t\tAvenida Paulista, 1313 &#8211; 10\u00b0 andar<br>\nCjs. 1050 e 1060 &#8211; Bela vista<br>\nS\u00e3o Paulo\/SP &#8211; Brasil<br>\n01311-923\t\t\t\t\t\t\t\t<\/div>\n\t\t\t\t<\/div>\n\t\t\t\t\t<\/div>\n\t\t<\/div>\n\t\t\t\t\t<\/div>\n\t\t<\/section>\n\t\t\t\t\t<\/div>\n\t\t<\/div>\n\t\t\t\t\t<\/div>\n\t\t<\/section>\n\t\t\t\t<\/div>\n\t\t","protected":false},"excerpt":{"rendered":"<p>ASSUNTOS REGULAT\u00d3RIOS Conhecimento regulat\u00f3rio sobre qualidade, com\u00e9rcio exterior e tend\u00eancias do setor. Diante do complicado cen\u00e1rio regulat\u00f3rio atual, as empresas de alimenta\u00e7\u00e3o animal buscam profissionais com conhecimentos espec\u00edficos em regulamenta\u00e7\u00f5es vigentes e que possam responder tecnicamente pela qualidade da produ\u00e7\u00e3o e pelos produtos fabricados. Diante da oportunidade de complementar a forma\u00e7\u00e3o de profissionais que atuam [&hellip;]<\/p>\n","protected":false},"author":1,"featured_media":0,"parent":0,"menu_order":0,"comment_status":"closed","ping_status":"closed","template":"elementor_canvas","meta":{"inline_featured_image":false,"footnotes":""},"class_list":["post-112","page","type-page","status-publish","hentry"],"yoast_head":"<!-- This site is optimized with the Yoast SEO plugin v27.4 - https:\/\/yoast.com\/product\/yoast-seo-wordpress\/ -->\n<title>Assuntos Regulat\u00f3rios - Sindira\u00e7\u00f5es<\/title>\n<meta name=\"robots\" content=\"index, follow, max-snippet:-1, max-image-preview:large, max-video-preview:-1\" \/>\n<link rel=\"canonical\" href=\"https:\/\/sindiracoes.org.br\/cursos\/assuntos-regulatorios\/\" \/>\n<meta property=\"og:locale\" content=\"pt_BR\" \/>\n<meta property=\"og:type\" content=\"article\" \/>\n<meta property=\"og:title\" content=\"Assuntos Regulat\u00f3rios - Sindira\u00e7\u00f5es\" \/>\n<meta property=\"og:description\" content=\"ASSUNTOS REGULAT\u00d3RIOS Conhecimento regulat\u00f3rio sobre qualidade, com\u00e9rcio exterior e tend\u00eancias do setor. Diante do complicado cen\u00e1rio regulat\u00f3rio atual, as empresas de alimenta\u00e7\u00e3o animal buscam profissionais com conhecimentos espec\u00edficos em regulamenta\u00e7\u00f5es vigentes e que possam responder tecnicamente pela qualidade da produ\u00e7\u00e3o e pelos produtos fabricados. Diante da oportunidade de complementar a forma\u00e7\u00e3o de profissionais que atuam [&hellip;]\" \/>\n<meta property=\"og:url\" content=\"https:\/\/sindiracoes.org.br\/cursos\/assuntos-regulatorios\/\" \/>\n<meta property=\"og:site_name\" content=\"Sindira\u00e7\u00f5es\" \/>\n<meta property=\"article:modified_time\" content=\"2025-12-18T13:47:56+00:00\" \/>\n<meta name=\"twitter:card\" content=\"summary_large_image\" \/>\n<meta name=\"twitter:label1\" content=\"Est. tempo de leitura\" \/>\n\t<meta name=\"twitter:data1\" content=\"4 minutos\" \/>\n<script type=\"application\/ld+json\" class=\"yoast-schema-graph\">{\"@context\":\"https:\\\/\\\/schema.org\",\"@graph\":[{\"@type\":\"WebPage\",\"@id\":\"https:\\\/\\\/sindiracoes.org.br\\\/cursos\\\/assuntos-regulatorios\\\/\",\"url\":\"https:\\\/\\\/sindiracoes.org.br\\\/cursos\\\/assuntos-regulatorios\\\/\",\"name\":\"Assuntos Regulat\u00f3rios - Sindira\u00e7\u00f5es\",\"isPartOf\":{\"@id\":\"https:\\\/\\\/sindiracoes.org.br\\\/cursos\\\/#website\"},\"primaryImageOfPage\":{\"@id\":\"https:\\\/\\\/sindiracoes.org.br\\\/cursos\\\/assuntos-regulatorios\\\/#primaryimage\"},\"image\":{\"@id\":\"https:\\\/\\\/sindiracoes.org.br\\\/cursos\\\/assuntos-regulatorios\\\/#primaryimage\"},\"thumbnailUrl\":\"https:\\\/\\\/sindiracoes.org.br\\\/cursos\\\/wp-content\\\/uploads\\\/2024\\\/03\\\/s_cursos_vertical_1_397x300.svg\",\"datePublished\":\"2022-08-08T04:42:52+00:00\",\"dateModified\":\"2025-12-18T13:47:56+00:00\",\"breadcrumb\":{\"@id\":\"https:\\\/\\\/sindiracoes.org.br\\\/cursos\\\/assuntos-regulatorios\\\/#breadcrumb\"},\"inLanguage\":\"pt-BR\",\"potentialAction\":[{\"@type\":\"ReadAction\",\"target\":[\"https:\\\/\\\/sindiracoes.org.br\\\/cursos\\\/assuntos-regulatorios\\\/\"]}]},{\"@type\":\"ImageObject\",\"inLanguage\":\"pt-BR\",\"@id\":\"https:\\\/\\\/sindiracoes.org.br\\\/cursos\\\/assuntos-regulatorios\\\/#primaryimage\",\"url\":\"https:\\\/\\\/sindiracoes.org.br\\\/cursos\\\/wp-content\\\/uploads\\\/2024\\\/03\\\/s_cursos_vertical_1_397x300.svg\",\"contentUrl\":\"https:\\\/\\\/sindiracoes.org.br\\\/cursos\\\/wp-content\\\/uploads\\\/2024\\\/03\\\/s_cursos_vertical_1_397x300.svg\",\"width\":397,\"height\":300},{\"@type\":\"BreadcrumbList\",\"@id\":\"https:\\\/\\\/sindiracoes.org.br\\\/cursos\\\/assuntos-regulatorios\\\/#breadcrumb\",\"itemListElement\":[{\"@type\":\"ListItem\",\"position\":1,\"name\":\"In\u00edcio\",\"item\":\"https:\\\/\\\/sindiracoes.org.br\\\/cursos\\\/\"},{\"@type\":\"ListItem\",\"position\":2,\"name\":\"Assuntos Regulat\u00f3rios\"}]},{\"@type\":\"WebSite\",\"@id\":\"https:\\\/\\\/sindiracoes.org.br\\\/cursos\\\/#website\",\"url\":\"https:\\\/\\\/sindiracoes.org.br\\\/cursos\\\/\",\"name\":\"Sindira\u00e7\u00f5es\",\"description\":\"Cursos\",\"potentialAction\":[{\"@type\":\"SearchAction\",\"target\":{\"@type\":\"EntryPoint\",\"urlTemplate\":\"https:\\\/\\\/sindiracoes.org.br\\\/cursos\\\/?s={search_term_string}\"},\"query-input\":{\"@type\":\"PropertyValueSpecification\",\"valueRequired\":true,\"valueName\":\"search_term_string\"}}],\"inLanguage\":\"pt-BR\"}]}<\/script>\n<!-- \/ Yoast SEO plugin. -->","yoast_head_json":{"title":"Assuntos Regulat\u00f3rios - Sindira\u00e7\u00f5es","robots":{"index":"index","follow":"follow","max-snippet":"max-snippet:-1","max-image-preview":"max-image-preview:large","max-video-preview":"max-video-preview:-1"},"canonical":"https:\/\/sindiracoes.org.br\/cursos\/assuntos-regulatorios\/","og_locale":"pt_BR","og_type":"article","og_title":"Assuntos Regulat\u00f3rios - Sindira\u00e7\u00f5es","og_description":"ASSUNTOS REGULAT\u00d3RIOS Conhecimento regulat\u00f3rio sobre qualidade, com\u00e9rcio exterior e tend\u00eancias do setor. Diante do complicado cen\u00e1rio regulat\u00f3rio atual, as empresas de alimenta\u00e7\u00e3o animal buscam profissionais com conhecimentos espec\u00edficos em regulamenta\u00e7\u00f5es vigentes e que possam responder tecnicamente pela qualidade da produ\u00e7\u00e3o e pelos produtos fabricados. Diante da oportunidade de complementar a forma\u00e7\u00e3o de profissionais que atuam [&hellip;]","og_url":"https:\/\/sindiracoes.org.br\/cursos\/assuntos-regulatorios\/","og_site_name":"Sindira\u00e7\u00f5es","article_modified_time":"2025-12-18T13:47:56+00:00","twitter_card":"summary_large_image","twitter_misc":{"Est. tempo de leitura":"4 minutos"},"schema":{"@context":"https:\/\/schema.org","@graph":[{"@type":"WebPage","@id":"https:\/\/sindiracoes.org.br\/cursos\/assuntos-regulatorios\/","url":"https:\/\/sindiracoes.org.br\/cursos\/assuntos-regulatorios\/","name":"Assuntos Regulat\u00f3rios - Sindira\u00e7\u00f5es","isPartOf":{"@id":"https:\/\/sindiracoes.org.br\/cursos\/#website"},"primaryImageOfPage":{"@id":"https:\/\/sindiracoes.org.br\/cursos\/assuntos-regulatorios\/#primaryimage"},"image":{"@id":"https:\/\/sindiracoes.org.br\/cursos\/assuntos-regulatorios\/#primaryimage"},"thumbnailUrl":"https:\/\/sindiracoes.org.br\/cursos\/wp-content\/uploads\/2024\/03\/s_cursos_vertical_1_397x300.svg","datePublished":"2022-08-08T04:42:52+00:00","dateModified":"2025-12-18T13:47:56+00:00","breadcrumb":{"@id":"https:\/\/sindiracoes.org.br\/cursos\/assuntos-regulatorios\/#breadcrumb"},"inLanguage":"pt-BR","potentialAction":[{"@type":"ReadAction","target":["https:\/\/sindiracoes.org.br\/cursos\/assuntos-regulatorios\/"]}]},{"@type":"ImageObject","inLanguage":"pt-BR","@id":"https:\/\/sindiracoes.org.br\/cursos\/assuntos-regulatorios\/#primaryimage","url":"https:\/\/sindiracoes.org.br\/cursos\/wp-content\/uploads\/2024\/03\/s_cursos_vertical_1_397x300.svg","contentUrl":"https:\/\/sindiracoes.org.br\/cursos\/wp-content\/uploads\/2024\/03\/s_cursos_vertical_1_397x300.svg","width":397,"height":300},{"@type":"BreadcrumbList","@id":"https:\/\/sindiracoes.org.br\/cursos\/assuntos-regulatorios\/#breadcrumb","itemListElement":[{"@type":"ListItem","position":1,"name":"In\u00edcio","item":"https:\/\/sindiracoes.org.br\/cursos\/"},{"@type":"ListItem","position":2,"name":"Assuntos Regulat\u00f3rios"}]},{"@type":"WebSite","@id":"https:\/\/sindiracoes.org.br\/cursos\/#website","url":"https:\/\/sindiracoes.org.br\/cursos\/","name":"Sindira\u00e7\u00f5es","description":"Cursos","potentialAction":[{"@type":"SearchAction","target":{"@type":"EntryPoint","urlTemplate":"https:\/\/sindiracoes.org.br\/cursos\/?s={search_term_string}"},"query-input":{"@type":"PropertyValueSpecification","valueRequired":true,"valueName":"search_term_string"}}],"inLanguage":"pt-BR"}]}},"_links":{"self":[{"href":"https:\/\/sindiracoes.org.br\/cursos\/wp-json\/wp\/v2\/pages\/112","targetHints":{"allow":["GET"]}}],"collection":[{"href":"https:\/\/sindiracoes.org.br\/cursos\/wp-json\/wp\/v2\/pages"}],"about":[{"href":"https:\/\/sindiracoes.org.br\/cursos\/wp-json\/wp\/v2\/types\/page"}],"author":[{"embeddable":true,"href":"https:\/\/sindiracoes.org.br\/cursos\/wp-json\/wp\/v2\/users\/1"}],"replies":[{"embeddable":true,"href":"https:\/\/sindiracoes.org.br\/cursos\/wp-json\/wp\/v2\/comments?post=112"}],"version-history":[{"count":127,"href":"https:\/\/sindiracoes.org.br\/cursos\/wp-json\/wp\/v2\/pages\/112\/revisions"}],"predecessor-version":[{"id":1601,"href":"https:\/\/sindiracoes.org.br\/cursos\/wp-json\/wp\/v2\/pages\/112\/revisions\/1601"}],"wp:attachment":[{"href":"https:\/\/sindiracoes.org.br\/cursos\/wp-json\/wp\/v2\/media?parent=112"}],"curies":[{"name":"wp","href":"https:\/\/api.w.org\/{rel}","templated":true}]}}